{"id":1443,"date":"2022-03-28T15:50:06","date_gmt":"2022-03-28T15:50:06","guid":{"rendered":"https:\/\/data.bluenove.com\/?page_id=1443"},"modified":"2022-03-28T15:53:47","modified_gmt":"2022-03-28T15:53:47","slug":"donnees-personnelles","status":"publish","type":"page","link":"https:\/\/data.bluenove.com\/en\/donnees-personnelles\/","title":{"rendered":"Donn\u00e9es personnelles"},"content":{"rendered":"<div data-elementor-type=\"wp-page\" data-elementor-id=\"1443\" class=\"elementor elementor-1443\">\n\t\t\t\t\t\t\t\t\t<section class=\"elementor-section elementor-top-section elementor-element elementor-element-4341b7c3 elementor-section-boxed elementor-section-height-default elementor-section-height-default\" data-id=\"4341b7c3\" data-element_type=\"section\" data-settings=\"{&quot;background_background&quot;:&quot;gradient&quot;}\">\n\t\t\t\t\t\t<div class=\"elementor-container elementor-column-gap-default\">\n\t\t\t\t\t<div class=\"elementor-column elementor-col-100 elementor-top-column elementor-element elementor-element-1781aade\" data-id=\"1781aade\" data-element_type=\"column\">\n\t\t\t<div class=\"elementor-widget-wrap elementor-element-populated\">\n\t\t\t\t\t\t\t\t<div class=\"elementor-element elementor-element-6cb85964 elementor-widget elementor-widget-heading\" data-id=\"6cb85964\" data-element_type=\"widget\" data-widget_type=\"heading.default\">\n\t\t\t\t<div class=\"elementor-widget-container\">\n\t\t\t<h1 class=\"elementor-heading-title elementor-size-default\">Donn\u00e9es personnelles<\/h1>\t\t<\/div>\n\t\t\t\t<\/div>\n\t\t\t\t\t<\/div>\n\t\t<\/div>\n\t\t\t\t\t\t\t<\/div>\n\t\t<\/section>\n\t\t\t\t<section class=\"elementor-section elementor-top-section elementor-element elementor-element-3a16becd elementor-section-boxed elementor-section-height-default elementor-section-height-default\" data-id=\"3a16becd\" data-element_type=\"section\">\n\t\t\t\t\t\t<div class=\"elementor-container elementor-column-gap-default\">\n\t\t\t\t\t<div class=\"elementor-column elementor-col-100 elementor-top-column elementor-element elementor-element-4d6d8d0c\" data-id=\"4d6d8d0c\" data-element_type=\"column\">\n\t\t\t<div class=\"elementor-widget-wrap elementor-element-populated\">\n\t\t\t\t\t\t\t\t<div class=\"elementor-element elementor-element-3bcfbd0b elementor-widget elementor-widget-text-editor\" data-id=\"3bcfbd0b\" data-element_type=\"widget\" data-widget_type=\"text-editor.default\">\n\t\t\t\t<div class=\"elementor-widget-container\">\n\t\t\t\t\t\t\t<p>Soucieuse du respect de la vie priv\u00e9e des internautes, BLUENOVE, (ci-apr\u00e8s \u00ab la Soci\u00e9t\u00e9 \u00bb ou \u00ab nous \u00bb), s\u2019engage \u00e0 ce que la collecte et le traitement d\u2019informations \u00e0 caract\u00e8re personnel soient effectu\u00e9s conform\u00e9ment au R\u00e8glement UE n\u00b02016\/679 du Parlement Europ\u00e9en et du Conseil du 27 avril 2016 relatif \u00e0 la Protection des Personnes Physique \u00e0 l\u2019\u00e9gard du traitement des donn\u00e9es \u00e0 caract\u00e8re personnel et \u00e0 la libre circulation de ces donn\u00e9es ci-apr\u00e8s \u00ab RGPD \u00bb et \u00e0 l\u2019ensemble des dispositions de la r\u00e9glementation fran\u00e7aise applicable en la mati\u00e8re.<\/p>\n<p>La pr\u00e9sente Politique a pour objet de vous informer sur les engagements mis en \u0153uvre afin de veiller au respect de vos donn\u00e9es personnelles collect\u00e9es dans le cadre du formulaire de prise de contact du site&nbsp;data.bluenove.com (\u00ab&nbsp;Plateforme&nbsp;\u00bb).<\/p>\n<p>L\u2019objectif de cette Politique est de vous aider \u00e0 comprendre&nbsp;:<\/p>\n<ul>\n<li>les finalit\u00e9s des traitements, c\u2019est \u00e0 dire les raisons pour lesquelles nous traitons vos donn\u00e9es&nbsp;;<\/li>\n<li>les bases l\u00e9gales&nbsp; des traitements, c\u2019est-\u00e0-dire les fondements juridiques qui nous permettent de traiter vos donn\u00e9es&nbsp;;<\/li>\n<li>les cat\u00e9gories de donn\u00e9es que nous collectons&nbsp;;<\/li>\n<li>les destinataires de ces donn\u00e9es&nbsp;;<\/li>\n<li>les droits que vous pouvez exercer;<\/li>\n<li>la dur\u00e9e pendant laquelle nous conservons vos donn\u00e9es&nbsp;;<\/li>\n<li>les mesures de s\u00e9curit\u00e9 techniques et organisationnelles&nbsp;; et<\/li>\n<li>comment vous pouvez nous contacter.<\/li>\n<\/ul>\n<div><br><\/div>\n<p><strong>RESPONSABLES DU TRAITEMENT<\/strong><\/p>\n<p>Bluenove, 112 Ter Rue Cardinet 75017 Paris&nbsp;est responsable du traitement des donn\u00e9es collect\u00e9s.<\/p>\n<p><strong>FINALITES ET BASES LEGALES DU TRAITEMENT <\/strong><\/p>\n<p>Vos donn\u00e9es sont collect\u00e9es sur la base du consentement et\/ou suivant notre int\u00e9r\u00eat l\u00e9gitime.<\/p>\n<p>Vous pouvez librement retirer votre consentement \u00e0 tout moment par mail : <a href=\"mailto:data.protection@bluenove.com\">data.protection@bluenove.com<\/a>. Le retrait de votre consentement ne porte pas atteinte \u00e0 la lic\u00e9it\u00e9 du traitement effectu\u00e9 avant celui-ci.<\/p>\n<p>Nous utilisons vos donn\u00e9es afin de&nbsp;g\u00e9rer les prises de contact.<\/p>\n<p><strong>CATEGORIES DE DONNEES PERSONNELLES TRAIT\u00c9ES<\/strong><\/p>\n<p>Vos donn\u00e9es sont collect\u00e9es sur le fondement du consentement.<\/p>\n<p>De mani\u00e8re g\u00e9n\u00e9rale, vos donn\u00e9es sont collect\u00e9es directement aupr\u00e8s de vous \u00e0 l\u2019occasion de votre compl\u00e9tion du questionnaire de contact.<\/p>\n<p><strong>Prise de contact :<\/strong> Vous pouvez remplir un formulaire de contact. Il vous sera alors demand\u00e9 vos noms et coordonn\u00e9es mail..<\/p>\n<p><strong style=\"color: var( --e-global-color-text ); font-family: var( --e-global-typography-text-font-family ), Sans-serif; font-size: 1rem;\">DUREE DE CONSERVATION DES DONNEES<\/strong><br><\/p>\n<p>Les donn\u00e9es collect\u00e9es sont conserv\u00e9es pour la dur\u00e9e n\u00e9cessaire aux finalit\u00e9s \u00e9nonc\u00e9es dans la pr\u00e9sente politique conform\u00e9ment aux exigences l\u00e9gales et r\u00e9glementaires applicables aux d\u00e9lais de conservation tenant compte de la prescription.<\/p>\n<p>Au-del\u00e0 de ces dur\u00e9es, les donn\u00e9es personnelles que nous collectons pourront \u00eatre anonymis\u00e9es \u00e0 des fins statistiques.<\/p>\n<p>Si vous souhaitez conserver la trace de l\u00b4ensemble des informations et contributions que vous avez publi\u00e9es sur la Plateforme, vous pouvez demander une copie \u00e0 l\u2019adresse suivante : <a href=\"mailto:data.protection@bluenove.com\">data.protection@bluenove.com<\/a><\/p>\n<p><strong>DESTINATAIRES DES DONNEES<\/strong><\/p>\n<p>Les donn\u00e9es sont trait\u00e9es par les \u00e9quipes de bluenove.<\/p>\n<p>Plus pr\u00e9cis\u00e9ment, vos donn\u00e9es personnelles sont communiqu\u00e9es aux personnes suivantes :<\/p>\n<ol>\n<li><strong>En interne, \u00e0 la Soci\u00e9t\u00e9<\/strong><\/li>\n<\/ol>\n<div><b><br><\/b><\/div>\n<p>Vos donn\u00e9es sont communiqu\u00e9es aux collaborateurs des services internes de bluenove.<\/p>\n<p>Conform\u00e9ment \u00e0 la r\u00e9glementation, l\u2019acc\u00e8s \u00e0 vos donn\u00e9es se fait sur la base d\u2019autorisations d\u2019acc\u00e8s individuelles, limit\u00e9es et encadr\u00e9es.<\/p>\n<ol start=\"2\">\n<li><strong>A nos services tiers \/ sous-traitants<\/strong><\/li>\n<\/ol>\n<div><b><br><\/b><\/div>\n<p>Ils assurent des prestations pour notre compte, notamment :<\/p>\n<ul>\n<li>la solution d\u2019h\u00e9bergement de la plateforme (Scaleway) ;<\/li>\n<li><span style=\"background-color: transparent; color: var( --e-global-color-text ); font-family: var( --e-global-typography-text-font-family ), Sans-serif; font-weight: var( --e-global-typography-text-font-weight );\">la fourniture du service de formulaire en ligne (Typeform) ;<\/span><br><\/li><li data-leveltext=\"\uf0a7\" data-font=\"Wingdings\" data-listid=\"10\" aria-setsize=\"-1\" data-aria-posinset=\"3\" data-aria-level=\"1\" style=\"font-size: 16px;\"><span data-contrast=\"none\">Sentry pour le suivi des erreurs et la correction des bugs<\/span><span data-ccp-props=\"{&quot;201341983&quot;:0,&quot;335551550&quot;:6,&quot;335551620&quot;:6,&quot;335559739&quot;:200,&quot;335559740&quot;:240}\">&nbsp;;<\/span><\/li><li data-leveltext=\"\uf0a7\" data-font=\"Wingdings\" data-listid=\"10\" aria-setsize=\"-1\" data-aria-posinset=\"4\" data-aria-level=\"1\" style=\"font-size: 16px;\"><span data-contrast=\"none\">Matomo pour les mesures d\u2019audience anonymis\u00e9es du site ;<\/span><\/li><li data-leveltext=\"\uf0a7\" data-font=\"Wingdings\" data-listid=\"10\" aria-setsize=\"-1\" data-aria-posinset=\"4\" data-aria-level=\"1\" style=\"font-size: 16px;\">Axeptio pour la gestion de votre consentement aux cookies non fonctionnels du site (voir \u00ab\u202fPolitique des cookies\u202f\u00bb sur le site)<font face=\"Noto Serif, sans-serif\">.<\/font><\/li>\n<\/ul>\n<div><br><\/div>\n<p>Les donn\u00e9es collect\u00e9es sont destin\u00e9es aux seuls personnels habilit\u00e9s des services internes ainsi qu\u2019aux prestataires (s\u00e9curisation, conservation, stockage etc.) pour les besoins de leurs prestations et sous les garanties de confidentialit\u00e9 auxquelles ils sont tenus. Nous nous engageons \u00e0 ce que nos sous-traitants pr\u00e9sentent des garanties suffisantes et re\u00e7oivent les instructions appropri\u00e9es pour assurer la protection de vos donn\u00e9es. Nous nous engageons \u00e0 ce que vos donn\u00e9es ne fassent l\u2019objet d\u2019aucune exploitation commerciale par un tiers, ni d\u2019aucune transmission ou cession \u00e0 quiconque \u00e0 des fins commerciales ou de prospection.<\/p>\n<p><strong>SECURITE ET CONFIDENTIALITE DE VOS DONNEES <\/strong><\/p>\n<p>Nous avons mis en \u0153uvre des mesures techniques et organisationnelles appropri\u00e9es pour pr\u00e9server la s\u00e9curit\u00e9 et la confidentialit\u00e9 de vos donn\u00e9es et, notamment, pour les prot\u00e9ger contre les acc\u00e8s, utilisations et divulgations non-autoris\u00e9s. En particulier, nos syst\u00e8mes de stockage des donn\u00e9es ne sont accessibles que par un nombre restreint de personnes habilit\u00e9es.<\/p>\n<p><strong>TRANSFERT DES DONN\u00c9ES <\/strong><\/p>\n<p>Vos donn\u00e9es personnelles sont susceptibles d\u2019\u00eatre transf\u00e9r\u00e9es dans des Etats non-membres de l\u2019Union europ\u00e9enne et de l\u2019Espace Economique Europ\u00e9en. En cas de tels transferts, nous nous assurons que les proc\u00e9dures et garanties appropri\u00e9es sont mises en \u0153uvre pour assurer un niveau de protection \u00e9quivalent \u00e0 celui pr\u00e9vu par le RGPD.<\/p>\n<p><strong>VOS DROITS&nbsp; <\/strong><\/p>\n<p>Conform\u00e9ment \u00e0 la r\u00e8glementation applicable, vous pouvez demander l\u2019acc\u00e8s, la rectification ou l\u2019effacement de vos donn\u00e9es. Vous disposez \u00e9galement d\u2019un droit d\u2019opposition et de portabilit\u00e9 de vos donn\u00e9es. Vous trouverez ci-dessous un bref descriptif de ces droits ainsi que les modalit\u00e9s de leur mise en \u0153uvre.<\/p>\n<p>Conform\u00e9ment \u00e0 la r\u00e8glementation applicable, vous disposez :<\/p>\n<ul>\n<li>d\u2019un droit d\u2019acc\u00e8s \u00e0 vos donn\u00e9es ;<\/li>\n<li>d\u2019un droit de rectification ;<\/li>\n<li>d\u2019un droit d\u2019effacement ;<\/li>\n<li>d\u2019un droit de limitation du traitement de vos donn\u00e9es&nbsp;;<\/li>\n<li>d\u2019un droit \u00e0 la portabilit\u00e9 de vos donn\u00e9es dans une certaine mesure, c\u2019est-\u00e0-dire le droit de recevoir les donn\u00e9es personnelles que vous nous avez fournies dans un format structur\u00e9, couramment utilis\u00e9 et le droit de transmettre ces donn\u00e9es \u00e0 un autre responsable de traitements ;<\/li>\n<li>d\u2019un droit d\u2019opposition \u00e0 ce que les donn\u00e9es personnelles vous concernant fassent l\u2019objet d\u2019un traitement ;<\/li>\n<li>d\u2019un droit d\u2019opposition \u00e0 ce que vos donn\u00e9es soient utilis\u00e9es \u00e0 des fins de prospection notamment commerciale (voir 9.);<\/li>\n<li>d\u2019un droit d\u2019opposition au profilage marketing, cela signifie que vous continuerez \u00e0 recevoir des sollicitations commerciales mais celles-ci seront moins pertinentes et ne seront plus cibl\u00e9es selon vos centres d\u2019int\u00e9r\u00eats ;<\/li>\n<li>d\u2019un droit de d\u00e9finir des directives g\u00e9n\u00e9rales et\/ou particuli\u00e8res relatives au sort de vos donn\u00e9es personnelles et \u00e0 la mani\u00e8re dont vous souhaitez que vos droits soient exerc\u00e9s apr\u00e8s votre d\u00e9c\u00e8s. A cet \u00e9gard, en cas de d\u00e9c\u00e8s qui serait port\u00e9 \u00e0 notre connaissance, vos donn\u00e9es seront supprim\u00e9es, sauf n\u00e9cessit\u00e9 de conservation pendant une dur\u00e9e d\u00e9termin\u00e9e pour des motifs tenant \u00e0 nos obligations l\u00e9gales et r\u00e9glementaires et\/ou aux d\u00e9lais l\u00e9gaux de prescription, et apr\u00e8s le cas \u00e9ch\u00e9ant avoir \u00e9t\u00e9 communiqu\u00e9es \u00e0 un tiers \u00e9ventuellement d\u00e9sign\u00e9 par vos soins.<\/li>\n<\/ul><div><br><\/div>\n<p><strong>COMMENT EXERCER VOS DROITS <\/strong><\/p>\n<p>Vous pouvez exercer l\u2019ensemble de ces droits en vous adressant \u00e0 :<\/p>\n<ul>\n<li>l\u2019adresse mail : <a href=\"mailto:data.protection@bluenove.com\">protection@bluenove.com<\/a>&nbsp;;<\/li>\n<li>l\u2019adresse postale&nbsp;: Donn\u00e9es personnelles \u2013 Bluenove 112 Ter Rue Cardinet 75017 Paris.<\/li>\n<\/ul>\n<p>Si vous estimez apr\u00e8s nous avoir contact\u00e9s que vos droits ne sont pas respect\u00e9s, vous pouvez directement adresser une r\u00e9clamation \u00e0 la Commission Nationale de l\u2019informatique et des Libert\u00e9s (CNIL) <a href=\"https:\/\/www.cnil.fr\/fr\">https:\/\/www.cnil.fr\/fr<\/a>.<\/p>\n<p>Nous pouvons \u00eatre amen\u00e9s \u00e0 modifier occasionnellement la pr\u00e9sente politique de confidentialit\u00e9. Nous vous conseillons de consulter r\u00e9guli\u00e8rement cette page pour prendre connaissance des \u00e9ventuelles modifications ou mises \u00e0 jour apport\u00e9es \u00e0 notre politique de confidentialit\u00e9.<\/p>\t\t\t\t\t\t<\/div>\n\t\t\t\t<\/div>\n\t\t\t\t\t<\/div>\n\t\t<\/div>\n\t\t\t\t\t\t\t<\/div>\n\t\t<\/section>\n\t\t\t\t\t\t\t<\/div>","protected":false},"excerpt":{"rendered":"<p>Donn\u00e9es personnelles Soucieuse du respect de la vie priv\u00e9e des internautes, BLUENOVE, (ci-apr\u00e8s \u00ab la Soci\u00e9t\u00e9 \u00bb ou \u00ab nous \u00bb), s\u2019engage \u00e0 ce que la collecte et le traitement d\u2019informations \u00e0 caract\u00e8re personnel soient effectu\u00e9s conform\u00e9ment au R\u00e8glement UE n\u00b02016\/679 du Parlement Europ\u00e9en et du Conseil du 27 avril 2016 relatif \u00e0 la Protection [&hellip;]<\/p>","protected":false},"author":3,"featured_media":0,"parent":0,"menu_order":0,"comment_status":"closed","ping_status":"closed","template":"","meta":{"inline_featured_image":false},"_links":{"self":[{"href":"https:\/\/data.bluenove.com\/en\/wp-json\/wp\/v2\/pages\/1443"}],"collection":[{"href":"https:\/\/data.bluenove.com\/en\/wp-json\/wp\/v2\/pages"}],"about":[{"href":"https:\/\/data.bluenove.com\/en\/wp-json\/wp\/v2\/types\/page"}],"author":[{"embeddable":true,"href":"https:\/\/data.bluenove.com\/en\/wp-json\/wp\/v2\/users\/3"}],"replies":[{"embeddable":true,"href":"https:\/\/data.bluenove.com\/en\/wp-json\/wp\/v2\/comments?post=1443"}],"version-history":[{"count":4,"href":"https:\/\/data.bluenove.com\/en\/wp-json\/wp\/v2\/pages\/1443\/revisions"}],"predecessor-version":[{"id":1447,"href":"https:\/\/data.bluenove.com\/en\/wp-json\/wp\/v2\/pages\/1443\/revisions\/1447"}],"wp:attachment":[{"href":"https:\/\/data.bluenove.com\/en\/wp-json\/wp\/v2\/media?parent=1443"}],"curies":[{"name":"wp","href":"https:\/\/api.w.org\/{rel}","templated":true}]}}